{"id":7609,"date":"2024-01-16T07:34:47","date_gmt":"2024-01-16T12:34:47","guid":{"rendered":"https:\/\/mygoalthemes.com\/demo\/pippo\/?page_id=14"},"modified":"2024-01-16T07:34:49","modified_gmt":"2024-01-16T12:34:49","slug":"refund_returns","status":"publish","type":"page","link":"https:\/\/cositasfavoritas.com\/index.php\/refund_returns\/","title":{"rendered":"Politicas"},"content":{"rendered":"\n<p><\/p>\n\n\n\n<p><h3><br>Descripci\u00f3n general<\/h3><\/p>\n\n\n\n<p>uestra pol\u00edtica de reembolsos y devoluciones tiene una duraci\u00f3n de 30 d\u00edas. Si han pasado 30 d\u00edas desde su compra, no podemos ofrecerle un reembolso o cambio completo. Para ser elegible para una devoluci\u00f3n, su art\u00edculo debe estar sin usar y en las mismas condiciones en que lo recibi\u00f3.<\/p>\n\n\n\n<p> Tambi\u00e9n debe estar en el embalaje original. Varios tipos de bienes est\u00e1n exentos de devoluci\u00f3n. No se pueden devolver productos perecederos como alimentos, flores, peri\u00f3dicos o revistas.<\/p>\n\n\n\n<p> Tampoco aceptamos productos que sean art\u00edculos \u00edntimos o sanitarios, materiales peligrosos o l\u00edquidos o gases inflamables.<\/p>\n","protected":false},"excerpt":{"rendered":"<p>Descripci\u00f3n general uestra pol\u00edtica de reembolsos y devoluciones tiene una duraci\u00f3n de 30 d\u00edas. Si han pasado 30 d\u00edas desde su compra, no podemos ofrecerle un reembolso o cambio completo. Para ser elegible para una devoluci\u00f3n, su art\u00edculo debe estar sin usar y en las mismas condiciones en que lo recibi\u00f3. Tambi\u00e9n debe estar en &hellip; <br \/><a href=\"https:\/\/cositasfavoritas.com\/index.php\/refund_returns\/\" class=\"more-link\">Seguir leyendo <span class=\"screen-reader-text\">Politicas<\/span><\/a><\/p>\n","protected":false},"author":1,"featured_media":0,"parent":0,"menu_order":0,"comment_status":"closed","ping_status":"closed","template":"","meta":{"footnotes":""},"class_list":["post-7609","page","type-page","status-publish","hentry"],"jetpack_sharing_enabled":true,"_links":{"self":[{"href":"https:\/\/cositasfavoritas.com\/index.php\/wp-json\/wp\/v2\/pages\/7609","targetHints":{"allow":["GET"]}}],"collection":[{"href":"https:\/\/cositasfavoritas.com\/index.php\/wp-json\/wp\/v2\/pages"}],"about":[{"href":"https:\/\/cositasfavoritas.com\/index.php\/wp-json\/wp\/v2\/types\/page"}],"author":[{"embeddable":true,"href":"https:\/\/cositasfavoritas.com\/index.php\/wp-json\/wp\/v2\/users\/1"}],"replies":[{"embeddable":true,"href":"https:\/\/cositasfavoritas.com\/index.php\/wp-json\/wp\/v2\/comments?post=7609"}],"version-history":[{"count":1,"href":"https:\/\/cositasfavoritas.com\/index.php\/wp-json\/wp\/v2\/pages\/7609\/revisions"}],"predecessor-version":[{"id":7891,"href":"https:\/\/cositasfavoritas.com\/index.php\/wp-json\/wp\/v2\/pages\/7609\/revisions\/7891"}],"wp:attachment":[{"href":"https:\/\/cositasfavoritas.com\/index.php\/wp-json\/wp\/v2\/media?parent=7609"}],"curies":[{"name":"wp","href":"https:\/\/api.w.org\/{rel}","templated":true}]}}